{"id":335,"date":"2022-10-31T11:38:43","date_gmt":"2022-10-31T11:38:43","guid":{"rendered":"https:\/\/matchthemes.com\/demowp\/latulipe\/?page_id=335"},"modified":"2026-04-15T10:14:08","modified_gmt":"2026-04-15T08:14:08","slug":"blog","status":"publish","type":"page","link":"https:\/\/studiodrugibrzeg.pl\/index.php\/blog\/","title":{"rendered":"Blog"},"content":{"rendered":"\t\t<div data-elementor-type=\"wp-page\" data-elementor-id=\"335\" class=\"elementor elementor-335\">\n\t\t\t\t<div class=\"elementor-element elementor-element-fc50fe4 e-flex e-con-boxed e-con e-parent\" data-id=\"fc50fe4\" data-element_type=\"container\" data-e-type=\"container\">\n\t\t\t\t\t<div class=\"e-con-inner\">\n\t\t\t\t<div class=\"elementor-element elementor-element-4981990 elementor-widget elementor-widget-shortcode\" data-id=\"4981990\" data-element_type=\"widget\" data-e-type=\"widget\" data-widget_type=\"shortcode.default\">\n\t\t\t\t\t\t\t<div class=\"elementor-shortcode\"><div class=\"blog-3col-grid\"><div class=\"row\"><div class=\"col-lg-4\"><article class=\"blog-item blog-item-3col-grid\"><div class=\"post-image\"><img fetchpriority=\"high\" decoding=\"async\" width=\"800\" height=\"600\" src=\"https:\/\/studiodrugibrzeg.pl\/wp-content\/uploads\/sesja-biznesowa-kobieta-na-tle-lozka-800x600.jpg\" class=\"img-fluid wp-post-image\" alt=\"\" \/><a href=\"https:\/\/studiodrugibrzeg.pl\/index.php\/ile-kosztuje-wynajem-studia-fotograficznego-w-warszawie\/\" aria-label=\"Ile kosztuje wynajem studia fotograficznego w Warszawie?\"><\/a><\/div><div class=\"post-holder\"><div class=\"meta-info\"><div class=\"meta-date-all\">22\/04\/2026<\/div><div class=\"divider-meta\"><\/div><div class=\"meta-categ-all\"> <a href=\"https:\/\/studiodrugibrzeg.pl\/index.php\/category\/poradnik\/\">Poradnik<\/a><\/div><div class=\"divider-meta\"><\/div><div class=\"meta-author\"><a href=\"https:\/\/studiodrugibrzeg.pl\/author\/admin\/\"> admin<\/a><\/div><\/div><h2 class=\"article-title display-6\"><a href=\"https:\/\/studiodrugibrzeg.pl\/index.php\/ile-kosztuje-wynajem-studia-fotograficznego-w-warszawie\/\">Ile kosztuje wynajem studia fotograficznego w Warszawie?<\/a><\/h2><div class=\"article-excerpt\">Ile kosztuje wynajem studia fotograficznego w Warszawie? Sprawd\u017a, co wp\u0142ywa na cen\u0119, co jest w pakiecie i jak policzy\u0107 bud\u017cet ...<\/div><a class=\"read-more-v2 margin-t30\" href=\"https:\/\/studiodrugibrzeg.pl\/index.php\/ile-kosztuje-wynajem-studia-fotograficznego-w-warszawie\/\">Read More<\/a><\/div><\/article><\/div><div class=\"col-lg-4\"><article class=\"blog-item blog-item-3col-grid\"><div class=\"post-image\"><img decoding=\"async\" width=\"800\" height=\"600\" src=\"https:\/\/studiodrugibrzeg.pl\/wp-content\/uploads\/studio-fotograficzne-lampy-studyjne.jpg-800x600.jpg\" class=\"img-fluid wp-post-image\" alt=\"Profesjonalne lampy studyjne w Studio Drugi Brzeg w Warszawie\" \/><a href=\"https:\/\/studiodrugibrzeg.pl\/index.php\/tla-fotograficzne-papierowe-jak-uzywac\/\" aria-label=\"T\u0142a fotograficzne papierowe jak u\u017cywa\u0107 \u2013 poradnik studia\"><\/a><\/div><div class=\"post-holder\"><div class=\"meta-info\"><div class=\"meta-date-all\">15\/04\/2026<\/div><div class=\"divider-meta\"><\/div><div class=\"meta-categ-all\"> <a href=\"https:\/\/studiodrugibrzeg.pl\/index.php\/category\/poradnik\/\">Poradnik<\/a><\/div><div class=\"divider-meta\"><\/div><div class=\"meta-author\"><a href=\"https:\/\/studiodrugibrzeg.pl\/author\/admin\/\"> admin<\/a><\/div><\/div><h2 class=\"article-title display-6\"><a href=\"https:\/\/studiodrugibrzeg.pl\/index.php\/tla-fotograficzne-papierowe-jak-uzywac\/\">T\u0142a fotograficzne papierowe jak u\u017cywa\u0107 \u2013 poradnik studia<\/a><\/h2><div class=\"article-excerpt\">T\u0142a fotograficzne papierowe jak u\u017cywa\u0107? Sprawd\u017a dob\u00f3r koloru, ochron\u0119 t\u0142a, ograniczanie zu\u017cycia i moment wymiany w studiu fotograficznym.<\/div><a class=\"read-more-v2 margin-t30\" href=\"https:\/\/studiodrugibrzeg.pl\/index.php\/tla-fotograficzne-papierowe-jak-uzywac\/\">Read More<\/a><\/div><\/article><\/div><div class=\"col-lg-4\"><article class=\"blog-item blog-item-3col-grid\"><div class=\"post-image\"><img decoding=\"async\" width=\"800\" height=\"600\" src=\"https:\/\/studiodrugibrzeg.pl\/wp-content\/uploads\/wynajem-studia-na-sesje-produktowe.jpg-800x600.jpg\" class=\"img-fluid wp-post-image\" alt=\"Studio do sesji produktowych i reklamowych w Warszawie\" \/><a href=\"https:\/\/studiodrugibrzeg.pl\/index.php\/tanie-studio-fotograficzne-warszawa\/\" aria-label=\"Tanie studio fotograficzne Warszawa \u2013 gdzie wynaj\u0105\u0107 m\u0105drze\"><\/a><\/div><div class=\"post-holder\"><div class=\"meta-info\"><div class=\"meta-date-all\">10\/04\/2026<\/div><div class=\"divider-meta\"><\/div><div class=\"meta-categ-all\"> <a href=\"https:\/\/studiodrugibrzeg.pl\/index.php\/category\/poradnik\/\">Poradnik<\/a><\/div><div class=\"divider-meta\"><\/div><div class=\"meta-author\"><a href=\"https:\/\/studiodrugibrzeg.pl\/author\/admin\/\"> admin<\/a><\/div><\/div><h2 class=\"article-title display-6\"><a href=\"https:\/\/studiodrugibrzeg.pl\/index.php\/tanie-studio-fotograficzne-warszawa\/\">Tanie studio fotograficzne Warszawa \u2013 gdzie wynaj\u0105\u0107 m\u0105drze<\/a><\/h2><div class=\"article-excerpt\">Tanie studio fotograficzne Warszawa? Sprawd\u017a, jak wynaj\u0105\u0107 dobre studio bez przep\u0142acania. 90 m\u00b2, \u015bwiat\u0142o dzienne, t\u0142a i promocja 100 z\u0142 ...<\/div><a class=\"read-more-v2 margin-t30\" href=\"https:\/\/studiodrugibrzeg.pl\/index.php\/tanie-studio-fotograficzne-warszawa\/\">Read More<\/a><\/div><\/article><\/div><div class=\"col-lg-4\"><article class=\"blog-item blog-item-3col-grid\"><div class=\"post-image\"><img loading=\"lazy\" decoding=\"async\" width=\"800\" height=\"600\" src=\"https:\/\/studiodrugibrzeg.pl\/wp-content\/uploads\/aranzacja-wiosenna-800x600.jpg\" class=\"img-fluid wp-post-image\" alt=\"Aran\u017cacja wiosenna w studio fotograficzne\" \/><a href=\"https:\/\/studiodrugibrzeg.pl\/index.php\/studio-do-nagran-wideo-warszawa-jak-przygotowac-plan-pod-reels-tiktok-youtube\/\" aria-label=\"Studio do nagra\u0144 wideo Warszawa \u2013 plan pod Reels i YouTube\"><\/a><\/div><div class=\"post-holder\"><div class=\"meta-info\"><div class=\"meta-date-all\">09\/04\/2026<\/div><div class=\"divider-meta\"><\/div><div class=\"meta-categ-all\"> <a href=\"https:\/\/studiodrugibrzeg.pl\/index.php\/category\/poradnik\/\">Poradnik<\/a><\/div><div class=\"divider-meta\"><\/div><div class=\"meta-author\"><a href=\"https:\/\/studiodrugibrzeg.pl\/author\/admin\/\"> admin<\/a><\/div><\/div><h2 class=\"article-title display-6\"><a href=\"https:\/\/studiodrugibrzeg.pl\/index.php\/studio-do-nagran-wideo-warszawa-jak-przygotowac-plan-pod-reels-tiktok-youtube\/\">Studio do nagra\u0144 wideo Warszawa \u2013 plan pod Reels i YouTube<\/a><\/h2><div class=\"article-excerpt\">Studio do nagra\u0144 wideo Warszawa \u2013 sprawd\u017a, jak ustawi\u0107 plan pod Reels, TikTok i YouTube: t\u0142o, \u015bwiat\u0142o, d\u017awi\u0119k i checklist\u0119 ...<\/div><a class=\"read-more-v2 margin-t30\" href=\"https:\/\/studiodrugibrzeg.pl\/index.php\/studio-do-nagran-wideo-warszawa-jak-przygotowac-plan-pod-reels-tiktok-youtube\/\">Read More<\/a><\/div><\/article><\/div><div class=\"col-lg-4\"><article class=\"blog-item blog-item-3col-grid\"><div class=\"post-image\"><img loading=\"lazy\" decoding=\"async\" width=\"800\" height=\"600\" src=\"https:\/\/studiodrugibrzeg.pl\/wp-content\/uploads\/jasna-800x600.jpg\" class=\"img-fluid wp-post-image\" alt=\"\" \/><a href=\"https:\/\/studiodrugibrzeg.pl\/index.php\/sesja-biznesowa-w-studiu-warszawa-jak-sie-przygotowac\/\" aria-label=\"Sesja biznesowa w studiu Warszawa \u2013 jak si\u0119 przygotowa\u0107\"><\/a><\/div><div class=\"post-holder\"><div class=\"meta-info\"><div class=\"meta-date-all\">31\/03\/2026<\/div><div class=\"divider-meta\"><\/div><div class=\"meta-categ-all\"> <a href=\"https:\/\/studiodrugibrzeg.pl\/index.php\/category\/poradnik\/\">Poradnik<\/a><\/div><div class=\"divider-meta\"><\/div><div class=\"meta-author\"><a href=\"https:\/\/studiodrugibrzeg.pl\/author\/admin\/\"> admin<\/a><\/div><\/div><h2 class=\"article-title display-6\"><a href=\"https:\/\/studiodrugibrzeg.pl\/index.php\/sesja-biznesowa-w-studiu-warszawa-jak-sie-przygotowac\/\">Sesja biznesowa w studiu Warszawa \u2013 jak si\u0119 przygotowa\u0107<\/a><\/h2><div class=\"article-excerpt\">Sesja biznesowa w studiu Warszawa \u2013 sprawd\u017a, jak przygotowa\u0107 ubi\u00f3r, makija\u017c, uj\u0119cia i \u015bwiat\u0142o. Lista rzeczy, plan 1h i 2h ...<\/div><a class=\"read-more-v2 margin-t30\" href=\"https:\/\/studiodrugibrzeg.pl\/index.php\/sesja-biznesowa-w-studiu-warszawa-jak-sie-przygotowac\/\">Read More<\/a><\/div><\/article><\/div><div class=\"col-lg-4\"><article class=\"blog-item blog-item-3col-grid\"><div class=\"post-image\"><img loading=\"lazy\" decoding=\"async\" width=\"800\" height=\"600\" src=\"https:\/\/studiodrugibrzeg.pl\/wp-content\/uploads\/naturalne-swiatlo-studio-fotograficzne-warszawa.jpg-800x600.jpg\" class=\"img-fluid wp-post-image\" alt=\"Studio z naturalnym \u015bwiat\u0142em do sesji zdj\u0119ciowych w Warszawie\" \/><a href=\"https:\/\/studiodrugibrzeg.pl\/index.php\/studio-z-naturalnym-swiatlem-warszawa-jak-wykorzystac-swiatlo-dzienne\/\" aria-label=\"Studio z naturalnym \u015bwiat\u0142em Warszawa \u2013 praktyczny przewodnik\"><\/a><\/div><div class=\"post-holder\"><div class=\"meta-info\"><div class=\"meta-date-all\">11\/03\/2026<\/div><div class=\"divider-meta\"><\/div><div class=\"meta-categ-all\"> <a href=\"https:\/\/studiodrugibrzeg.pl\/index.php\/category\/poradnik\/\">Poradnik<\/a><\/div><div class=\"divider-meta\"><\/div><div class=\"meta-author\"><a href=\"https:\/\/studiodrugibrzeg.pl\/author\/admin\/\"> admin<\/a><\/div><\/div><h2 class=\"article-title display-6\"><a href=\"https:\/\/studiodrugibrzeg.pl\/index.php\/studio-z-naturalnym-swiatlem-warszawa-jak-wykorzystac-swiatlo-dzienne\/\">Studio z naturalnym \u015bwiat\u0142em Warszawa \u2013 praktyczny przewodnik<\/a><\/h2><div class=\"article-excerpt\">Studio z naturalnym \u015bwiat\u0142em Warszawa \u2013 sprawd\u017a, jak wykorzysta\u0107 \u015bwiat\u0142o dzienne: pory dnia, ustawienie przy oknie, blendy, dyfuzj\u0119 i balans ...<\/div><a class=\"read-more-v2 margin-t30\" href=\"https:\/\/studiodrugibrzeg.pl\/index.php\/studio-z-naturalnym-swiatlem-warszawa-jak-wykorzystac-swiatlo-dzienne\/\">Read More<\/a><\/div><\/article><\/div><div class=\"col-lg-4\"><article class=\"blog-item blog-item-3col-grid\"><div class=\"post-image\"><img loading=\"lazy\" decoding=\"async\" width=\"800\" height=\"600\" src=\"https:\/\/studiodrugibrzeg.pl\/wp-content\/uploads\/wynajem-studia-fotograficznego-warszawa.jpg-800x600.jpg\" class=\"img-fluid wp-post-image\" alt=\"Studio fotograficzne do wynaj\u0119cia w centrum Warszawy\" \/><a href=\"https:\/\/studiodrugibrzeg.pl\/index.php\/studio-fotograficzne-wawer-wygodny-wybor-w-warszawie\/\" aria-label=\"Studio fotograficzne Wawer \u2013 wygodny wyb\u00f3r w Warszawie\"><\/a><\/div><div class=\"post-holder\"><div class=\"meta-info\"><div class=\"meta-date-all\">06\/03\/2026<\/div><div class=\"divider-meta\"><\/div><div class=\"meta-categ-all\"> <a href=\"https:\/\/studiodrugibrzeg.pl\/index.php\/category\/poradnik\/\">Poradnik<\/a><\/div><div class=\"divider-meta\"><\/div><div class=\"meta-author\"><a href=\"https:\/\/studiodrugibrzeg.pl\/author\/admin\/\"> admin<\/a><\/div><\/div><h2 class=\"article-title display-6\"><a href=\"https:\/\/studiodrugibrzeg.pl\/index.php\/studio-fotograficzne-wawer-wygodny-wybor-w-warszawie\/\">Studio fotograficzne Wawer \u2013 wygodny wyb\u00f3r w Warszawie<\/a><\/h2><div class=\"article-excerpt\">Studio fotograficzne Wawer to szybki dojazd, \u0142atwy parking i spokojna okolica. Idealne na sesje komercyjne i e\u2011commerce w Warszawie.<\/div><a class=\"read-more-v2 margin-t30\" href=\"https:\/\/studiodrugibrzeg.pl\/index.php\/studio-fotograficzne-wawer-wygodny-wybor-w-warszawie\/\">Read More<\/a><\/div><\/article><\/div><div class=\"col-lg-4\"><article class=\"blog-item blog-item-3col-grid\"><div class=\"post-image\"><img loading=\"lazy\" decoding=\"async\" width=\"800\" height=\"600\" src=\"https:\/\/studiodrugibrzeg.pl\/wp-content\/uploads\/jasna-800x600.jpg\" class=\"img-fluid wp-post-image\" alt=\"\" \/><a href=\"https:\/\/studiodrugibrzeg.pl\/index.php\/studio-fotograficzne-warszawa-jak-wybrac-studio-checklista\/\" aria-label=\"Studio fotograficzne Warszawa: checklista wynajmu\"><\/a><\/div><div class=\"post-holder\"><div class=\"meta-info\"><div class=\"meta-date-all\">04\/03\/2026<\/div><div class=\"divider-meta\"><\/div><div class=\"meta-categ-all\"> <a href=\"https:\/\/studiodrugibrzeg.pl\/index.php\/category\/poradnik\/\">Poradnik<\/a><\/div><div class=\"divider-meta\"><\/div><div class=\"meta-author\"><a href=\"https:\/\/studiodrugibrzeg.pl\/author\/admin\/\"> admin<\/a><\/div><\/div><h2 class=\"article-title display-6\"><a href=\"https:\/\/studiodrugibrzeg.pl\/index.php\/studio-fotograficzne-warszawa-jak-wybrac-studio-checklista\/\">Studio fotograficzne Warszawa: checklista wynajmu<\/a><\/h2><div class=\"article-excerpt\">Studio fotograficzne Warszawa: checklista wyboru studia do wynaj\u0119cia. \u015awiat\u0142o, t\u0142a, metra\u017c, dojazd (Wawer), zasady i koszty. Sprawd\u017a!<\/div><a class=\"read-more-v2 margin-t30\" href=\"https:\/\/studiodrugibrzeg.pl\/index.php\/studio-fotograficzne-warszawa-jak-wybrac-studio-checklista\/\">Read More<\/a><\/div><\/article><\/div><\/div><\/div><\/div>\n\t\t\t\t\t\t<\/div>\n\t\t\t\t\t<\/div>\n\t\t\t\t<\/div>\n\t\t\t\t<\/div>\n\t\t","protected":false},"excerpt":{"rendered":"","protected":false},"author":1,"featured_media":2925,"parent":0,"menu_order":0,"comment_status":"closed","ping_status":"closed","template":"","meta":{"_acf_changed":false,"footnotes":""},"class_list":["post-335","page","type-page","status-publish","has-post-thumbnail","hentry"],"acf":[],"_links":{"self":[{"href":"https:\/\/studiodrugibrzeg.pl\/index.php\/wp-json\/wp\/v2\/pages\/335","targetHints":{"allow":["GET"]}}],"collection":[{"href":"https:\/\/studiodrugibrzeg.pl\/index.php\/wp-json\/wp\/v2\/pages"}],"about":[{"href":"https:\/\/studiodrugibrzeg.pl\/index.php\/wp-json\/wp\/v2\/types\/page"}],"author":[{"embeddable":true,"href":"https:\/\/studiodrugibrzeg.pl\/index.php\/wp-json\/wp\/v2\/users\/1"}],"replies":[{"embeddable":true,"href":"https:\/\/studiodrugibrzeg.pl\/index.php\/wp-json\/wp\/v2\/comments?post=335"}],"version-history":[{"count":7,"href":"https:\/\/studiodrugibrzeg.pl\/index.php\/wp-json\/wp\/v2\/pages\/335\/revisions"}],"predecessor-version":[{"id":3035,"href":"https:\/\/studiodrugibrzeg.pl\/index.php\/wp-json\/wp\/v2\/pages\/335\/revisions\/3035"}],"wp:featuredmedia":[{"embeddable":true,"href":"https:\/\/studiodrugibrzeg.pl\/index.php\/wp-json\/wp\/v2\/media\/2925"}],"wp:attachment":[{"href":"https:\/\/studiodrugibrzeg.pl\/index.php\/wp-json\/wp\/v2\/media?parent=335"}],"curies":[{"name":"wp","href":"https:\/\/api.w.org\/{rel}","templated":true}]}}