{"id":550,"date":"2022-11-03T10:41:38","date_gmt":"2022-11-03T10:41:38","guid":{"rendered":"https:\/\/matchthemes.com\/demowp\/latulipe\/?page_id=550"},"modified":"2025-12-27T10:59:16","modified_gmt":"2025-12-27T09:59:16","slug":"rezerwacja-studio-fotograficzne-warszawa","status":"publish","type":"page","link":"https:\/\/studiodrugibrzeg.pl\/index.php\/rezerwacja-studio-fotograficzne-warszawa\/","title":{"rendered":"Rezerwacja"},"content":{"rendered":"\t\t<div data-elementor-type=\"wp-page\" data-elementor-id=\"550\" class=\"elementor elementor-550\">\n\t\t\t\t\t\t<section class=\"elementor-section elementor-top-section elementor-element elementor-element-539d3bb elementor-section-boxed elementor-section-height-default elementor-section-height-default\" data-id=\"539d3bb\" data-element_type=\"section\" data-e-type=\"section\">\n\t\t\t\t\t\t<div class=\"elementor-container elementor-column-gap-default\">\n\t\t\t\t\t<div class=\"elementor-column elementor-col-100 elementor-top-column elementor-element elementor-element-917040b\" data-id=\"917040b\" data-element_type=\"column\" data-e-type=\"column\">\n\t\t\t<div class=\"elementor-widget-wrap elementor-element-populated\">\n\t\t\t\t\t\t<div class=\"elementor-element elementor-element-b5eef18 elementor-widget elementor-widget-heading\" data-id=\"b5eef18\" data-element_type=\"widget\" data-e-type=\"widget\" data-widget_type=\"heading.default\">\n\t\t\t\t\t<h1 class=\"elementor-heading-title elementor-size-default\">Zarezerwuj Studio Drugi Brzeg Online<\/h1>\t\t\t\t<\/div>\n\t\t\t\t<div class=\"elementor-element elementor-element-0e7672b elementor-widget elementor-widget-text-editor\" data-id=\"0e7672b\" data-element_type=\"widget\" data-e-type=\"widget\" data-widget_type=\"text-editor.default\">\n\t\t\t\t\t\t\t\t\t<p>Szybka <strong>rezerwacja studio fotograficzne Warszawa<\/strong> w trzech prostych krokach. Sprawd\u017a dost\u0119pno\u015b\u0107 w czasie rzeczywistym i <strong>zarezerwuj studio fotograficzne online<\/strong> ju\u017c dzi\u015b.<\/p><p>W studio zawsze do dyspozycji s\u0105 lampy \u015bwiat\u0142a sta\u0142ego oraz b\u0142yskowe (w cenie).<\/p>\t\t\t\t\t\t\t\t<\/div>\n\t\t\t\t<div class=\"elementor-element elementor-element-0a3f0ba elementor-button-success elementor-widget elementor-widget-button\" data-id=\"0a3f0ba\" data-element_type=\"widget\" data-e-type=\"widget\" data-widget_type=\"button.default\">\n\t\t\t\t\t\t\t\t\t\t<a class=\"elementor-button elementor-button-link elementor-size-sm\" href=\"https:\/\/studiodrugibrzeg.pl\/index.php\/sprzet-studio-fotograficzne-warszawa\/\">\n\t\t\t\t\t\t<span class=\"elementor-button-content-wrapper\">\n\t\t\t\t\t\t\t\t\t<span class=\"elementor-button-text\">Pe\u0142na lista sprz\u0119tu<\/span>\n\t\t\t\t\t<\/span>\n\t\t\t\t\t<\/a>\n\t\t\t\t\t\t\t\t<\/div>\n\t\t\t\t<div class=\"elementor-element elementor-element-74c3f05 elementor-widget elementor-widget-text-editor\" data-id=\"74c3f05\" data-element_type=\"widget\" data-e-type=\"widget\" data-widget_type=\"text-editor.default\">\n\t\t\t\t\t\t\t\t\t<p>Rezerwacja przez formularz mo\u017cliwa jest z wyprzedzeniem minimum 24h oraz do 60dni w prz\u00f3d. Je\u017celi chcesz zarezerwowa\u0107 termin tego samego dnia lub z du\u017cym wyprzedzeniem &#8211; skontaktuj si\u0119 z nami telefonicznie lub mailowo.<\/p>\t\t\t\t\t\t\t\t<\/div>\n\t\t\t\t\t<\/div>\n\t\t<\/div>\n\t\t\t\t\t<\/div>\n\t\t<\/section>\n\t\t\t\t<section class=\"elementor-section elementor-top-section elementor-element elementor-element-b9704d3 elementor-section-boxed elementor-section-height-default elementor-section-height-default\" data-id=\"b9704d3\" data-element_type=\"section\" data-e-type=\"section\">\n\t\t\t\t\t\t<div class=\"elementor-container elementor-column-gap-default\">\n\t\t\t\t\t<div class=\"elementor-column elementor-col-100 elementor-top-column elementor-element elementor-element-5bd0752\" data-id=\"5bd0752\" data-element_type=\"column\" data-e-type=\"column\">\n\t\t\t<div class=\"elementor-widget-wrap elementor-element-populated\">\n\t\t\t\t\t\t<div class=\"elementor-element elementor-element-e21c0fd elementor-widget elementor-widget-shortcode\" data-id=\"e21c0fd\" data-element_type=\"widget\" data-e-type=\"widget\" data-widget_type=\"shortcode.default\">\n\t\t\t\t\t\t\t<div class=\"elementor-shortcode\"><script type=\"text\/javascript\">\nif(bookero_config == undefined){\n    var bookero_config = [];\n}\nvar bookero_instance_config = {\n    id: 'p6VtouMWAQ0n',\n    container: 'bookero_69f303e5e3e67',\n    type: 'calendar',\n    position: '',\n    plugin_css: true,\n    lang: 'pl',\n    custom_config: {}\n};\nbookero_config.push(bookero_instance_config);\n<\/script><div id=\"bookero_69f303e5e3e67\"><\/div><\/div>\n\t\t\t\t\t\t<\/div>\n\t\t\t\t\t<\/div>\n\t\t<\/div>\n\t\t\t\t\t<\/div>\n\t\t<\/section>\n\t\t\t\t<section class=\"elementor-section elementor-top-section elementor-element elementor-element-695e2fb elementor-section-boxed elementor-section-height-default elementor-section-height-default\" data-id=\"695e2fb\" data-element_type=\"section\" data-e-type=\"section\">\n\t\t\t\t\t\t<div class=\"elementor-container elementor-column-gap-default\">\n\t\t\t\t\t<div class=\"elementor-column elementor-col-100 elementor-top-column elementor-element elementor-element-a0038d2\" data-id=\"a0038d2\" data-element_type=\"column\" data-e-type=\"column\">\n\t\t\t<div class=\"elementor-widget-wrap elementor-element-populated\">\n\t\t\t\t\t\t<div class=\"elementor-element elementor-element-98dc4b1 elementor-widget elementor-widget-heading\" data-id=\"98dc4b1\" data-element_type=\"widget\" data-e-type=\"widget\" data-widget_type=\"heading.default\">\n\t\t\t\t\t<h1 class=\"elementor-heading-title elementor-size-default\">Wa\u017cne Informacje<\/h1>\t\t\t\t<\/div>\n\t\t\t\t<div class=\"elementor-element elementor-element-b5846dd elementor-widget elementor-widget-text-editor\" data-id=\"b5846dd\" data-element_type=\"widget\" data-e-type=\"widget\" data-widget_type=\"text-editor.default\">\n\t\t\t\t\t\t\t\t\t<p>Studio ma prawo do zmian\/edycji rezerwacji<\/p><p>Odwo\u0142ania rezerwacji:<br \/>Darmowe &#8211; do 48h przed sesj\u0105<br \/>50% &#8211; mniej ni\u017c 48h przed sesj\u0105<br \/>100% &#8211; mniej ni\u017c 24h przed sesj\u0105<\/p><p>Rezerwacje &#8222;\u015bwi\u0105teczne&#8221; s\u0105 bezzwrotne, chyba, \u017ce najdziemy kogo\u015b na Tw\u00f3j termin, co zawsze staramy si\u0119 robi\u0107!<br \/>Prosimy o przemy\u015blane rezerwacje w tym terminie!<\/p>\t\t\t\t\t\t\t\t<\/div>\n\t\t\t\t<div class=\"elementor-element elementor-element-83f4667 elementor-widget elementor-widget-text-editor\" data-id=\"83f4667\" data-element_type=\"widget\" data-e-type=\"widget\" data-widget_type=\"text-editor.default\">\n\t\t\t\t\t\t\t\t\t<p>\u2705 <strong>Szybkie potwierdzenie<\/strong> &#8211; potwierdzenie rezerwacji zazwyczaj do 15 minut.<br \/>\u2705 <strong>Elastyczne godziny<\/strong> &#8211; studio dost\u0119pne 6:00-22:00<br \/>\u2705 <strong>Bezp\u0142atny parking<\/strong> &#8211; miejsca parkingowe przy studiu<br \/>\u2705 <strong>Anulowanie<\/strong> &#8211; bezp\u0142atne do 48h przed sesj\u0105<br \/>\u2705 <strong>Faktura VAT<\/strong> &#8211; dla firm i os\u00f3b prywatnych &#8211; je\u017celi potrzebujesz faktury, prosimy poinformowa\u0107 nas o tym fakcie jak najszybciej.<\/p>\t\t\t\t\t\t\t\t<\/div>\n\t\t\t\t<div class=\"elementor-element elementor-element-f0c0859 elementor-widget elementor-widget-heading\" data-id=\"f0c0859\" data-element_type=\"widget\" data-e-type=\"widget\" data-widget_type=\"heading.default\">\n\t\t\t\t\t<h2 class=\"elementor-heading-title elementor-size-default\">Sesje \u015bwi\u0105teczne<\/h2>\t\t\t\t<\/div>\n\t\t\t\t<div class=\"elementor-element elementor-element-5f52e35 elementor-widget elementor-widget-text-editor\" data-id=\"5f52e35\" data-element_type=\"widget\" data-e-type=\"widget\" data-widget_type=\"text-editor.default\">\n\t\t\t\t\t\t\t\t\t<p>W okresie pa\u017adziernik-grudzie\u0144 nasze studio zmienia si\u0119 w \u015awi\u0105teczn\u0105 Krain\u0119! Znajdziecie w nim wiele \u015bwi\u0105tecznych scenek oraz rekwizyt\u00f3w.\u00a0 Zapraszamy do zak\u0142adki \u015awi\u0119ta 2025, gdzie prezentujemy wizualizacje oraz przygotowane przez nas scenki w zesz\u0142ym roku. Na naszym Instagramie znajdziesz r\u00f3wnie\u017c relacj\u0119 z post\u0119pu prac w tym roku!<\/p>\t\t\t\t\t\t\t\t<\/div>\n\t\t\t\t<div class=\"elementor-element elementor-element-d049794 elementor-button-danger elementor-widget elementor-widget-button\" data-id=\"d049794\" data-element_type=\"widget\" data-e-type=\"widget\" data-widget_type=\"button.default\">\n\t\t\t\t\t\t\t\t\t\t<a class=\"elementor-button elementor-button-link elementor-size-sm\" href=\"https:\/\/studiodrugibrzeg.pl\/index.php\/sesje-swiateczne-2025-warszawa-studio\/\">\n\t\t\t\t\t\t<span class=\"elementor-button-content-wrapper\">\n\t\t\t\t\t\t\t\t\t<span class=\"elementor-button-text\">\u015awi\u0119ta 2025 - aran\u017cacje<\/span>\n\t\t\t\t\t<\/span>\n\t\t\t\t\t<\/a>\n\t\t\t\t\t\t\t\t<\/div>\n\t\t\t\t\t<\/div>\n\t\t<\/div>\n\t\t\t\t\t<\/div>\n\t\t<\/section>\n\t\t\t\t<section class=\"elementor-section elementor-top-section elementor-element elementor-element-13ce4a2 elementor-section-full_width elementor-section-height-default elementor-section-height-default\" data-id=\"13ce4a2\" data-element_type=\"section\" data-e-type=\"section\">\n\t\t\t\t\t\t<div class=\"elementor-container elementor-column-gap-no\">\n\t\t\t\t\t<div class=\"elementor-column elementor-col-100 elementor-top-column elementor-element elementor-element-61dec25\" data-id=\"61dec25\" data-element_type=\"column\" data-e-type=\"column\">\n\t\t\t<div class=\"elementor-widget-wrap elementor-element-populated\">\n\t\t\t\t\t\t<div class=\"elementor-element elementor-element-3a672b0 elementor-widget elementor-widget-google_maps\" data-id=\"3a672b0\" data-element_type=\"widget\" data-e-type=\"widget\" data-widget_type=\"google_maps.default\">\n\t\t\t\t\t\t\t<div class=\"elementor-custom-embed\">\n\t\t\t<iframe loading=\"lazy\"\n\t\t\t\t\tsrc=\"https:\/\/maps.google.com\/maps?q=Stoczniowc%C3%B3w%2021%2C%20Warszawa&#038;t=m&#038;z=11&#038;output=embed&#038;iwloc=near\"\n\t\t\t\t\ttitle=\"Stoczniowc\u00f3w 21, Warszawa\"\n\t\t\t\t\taria-label=\"Stoczniowc\u00f3w 21, Warszawa\"\n\t\t\t><\/iframe>\n\t\t<\/div>\n\t\t\t\t\t\t<\/div>\n\t\t\t\t\t<\/div>\n\t\t<\/div>\n\t\t\t\t\t<\/div>\n\t\t<\/section>\n\t\t\t\t<\/div>\n\t\t","protected":false},"excerpt":{"rendered":"<p>Zarezerwuj Studio Drugi Brzeg Online Szybka rezerwacja studio fotograficzne Warszawa w trzech prostych krokach. Sprawd\u017a dost\u0119pno\u015b\u0107 w czasie rzeczywistym i zarezerwuj studio fotograficzne online ju\u017c dzi\u015b. W studio zawsze do dyspozycji s\u0105 lampy \u015bwiat\u0142a sta\u0142ego oraz b\u0142yskowe (w cenie). Pe\u0142na&#8230;<\/p>\n","protected":false},"author":1,"featured_media":2386,"parent":0,"menu_order":0,"comment_status":"closed","ping_status":"closed","template":"templates\/template-fullscreen.php","meta":{"_acf_changed":false,"footnotes":""},"class_list":["post-550","page","type-page","status-publish","has-post-thumbnail","hentry"],"acf":[],"_links":{"self":[{"href":"https:\/\/studiodrugibrzeg.pl\/index.php\/wp-json\/wp\/v2\/pages\/550","targetHints":{"allow":["GET"]}}],"collection":[{"href":"https:\/\/studiodrugibrzeg.pl\/index.php\/wp-json\/wp\/v2\/pages"}],"about":[{"href":"https:\/\/studiodrugibrzeg.pl\/index.php\/wp-json\/wp\/v2\/types\/page"}],"author":[{"embeddable":true,"href":"https:\/\/studiodrugibrzeg.pl\/index.php\/wp-json\/wp\/v2\/users\/1"}],"replies":[{"embeddable":true,"href":"https:\/\/studiodrugibrzeg.pl\/index.php\/wp-json\/wp\/v2\/comments?post=550"}],"version-history":[{"count":35,"href":"https:\/\/studiodrugibrzeg.pl\/index.php\/wp-json\/wp\/v2\/pages\/550\/revisions"}],"predecessor-version":[{"id":2898,"href":"https:\/\/studiodrugibrzeg.pl\/index.php\/wp-json\/wp\/v2\/pages\/550\/revisions\/2898"}],"wp:featuredmedia":[{"embeddable":true,"href":"https:\/\/studiodrugibrzeg.pl\/index.php\/wp-json\/wp\/v2\/media\/2386"}],"wp:attachment":[{"href":"https:\/\/studiodrugibrzeg.pl\/index.php\/wp-json\/wp\/v2\/media?parent=550"}],"curies":[{"name":"wp","href":"https:\/\/api.w.org\/{rel}","templated":true}]}}